{"id":24396,"date":"2026-02-09T17:10:05","date_gmt":"2026-02-09T16:10:05","guid":{"rendered":"https:\/\/esc123.net\/sklep\/?post_type=product&#038;p=24396"},"modified":"2026-03-29T22:25:56","modified_gmt":"2026-03-29T20:25:56","slug":"workbook-esc-dziennik-pokladowy-pakiet-promocyjny","status":"publish","type":"product","link":"https:\/\/esc123.net\/sklep\/produkt\/workbook-esc-dziennik-pokladowy-pakiet-promocyjny\/","title":{"rendered":"WorkBook ESC \u201eDziennik Pok\u0142adowy\u201d &#8211; pakiet promocyjny"},"content":{"rendered":"<p><strong>\u201eDziennik Pok\u0142adowy\u201d WorkBook ESC<\/strong> to autorskie narz\u0119dzie rozwojowo-terapeutyczne stworzone dla os\u00f3b, kt\u00f3re chc\u0105 odzyska\u0107 wp\u0142yw na swoje \u017cycie, wyj\u015b\u0107 z destrukcyjnych schemat\u00f3w i zacz\u0105\u0107 budowa\u0107 nowy kierunek z wi\u0119ksz\u0105 \u015bwiadomo\u015bci\u0105, spokojem i wewn\u0119trzn\u0105 si\u0142\u0105.<\/p>\n<p>To publikacja, kt\u00f3ra \u0142\u0105czy refleksj\u0119 z dzia\u0142aniem.<br \/>\nNie daje pustych obietnic.<br \/>\nDaje przestrze\u0144, struktur\u0119 i konkret.<\/p>\n<p>To w\u0142a\u015bnie tutaj zaczyna si\u0119 proces prawdziwej zmiany.<\/p>\n<p><strong>Czym jest \u201eDziennik Pok\u0142adowy\u201d?<\/strong><\/p>\n<p>To wyj\u0105tkowy workbook terapeutyczny zaprojektowany jako osobisty zapis drogi wychodzenia z e-uzale\u017cnie\u0144 i innych destrukcyjnych nawyk\u00f3w. Zosta\u0142 stworzony po to, by pom\u00f3c przej\u015b\u0107 od chaosu do wi\u0119kszej jasno\u015bci, od automatyzmu do \u015bwiadomych wybor\u00f3w, od bezradno\u015bci do odzyskiwania steru nad w\u0142asnym \u017cyciem.<\/p>\n<p>W \u015brodku znajduje si\u0119 przemy\u015blany proces pracy w\u0142asnej, kt\u00f3ry prowadzi przez kolejne etapy zdrowienia. Od pierwszego zatrzymania i nazwania problemu, przez rozpoznanie emocji, mechanizm\u00f3w i nawrot\u00f3w, a\u017c po budowanie nowego stylu \u017cycia, opartego na warto\u015bciach, odpowiedzialno\u015bci i codziennej praktyce. Publikacja zawiera 40 rozdzia\u0142\u00f3w i zosta\u0142a pomy\u015blana jako narz\u0119dzie wspieraj\u0105ce zar\u00f3wno terapi\u0119 indywidualn\u0105, jak i prac\u0119 w\u0142asn\u0105 mi\u0119dzy spotkaniami.<\/p>\n<p><strong>Dla kogo powsta\u0142 ten workbook?<\/strong><\/p>\n<p>Dla os\u00f3b, kt\u00f3re czuj\u0105, \u017ce:<br \/>\ntelefon, internet, gry, pornografia, social media lub inne zachowania kompulsywne zacz\u0119\u0142y przejmowa\u0107 zbyt du\u017co przestrzeni,<br \/>\nemocje coraz cz\u0119\u015bciej prowadz\u0105 do ucieczki zamiast do kontaktu ze sob\u0105,<br \/>\nsame postanowienia ju\u017c nie wystarczaj\u0105,<br \/>\npotrzebne jest narz\u0119dzie, kt\u00f3re porz\u0105dkuje proces zmiany i pomaga go utrzyma\u0107.<\/p>\n<p>To tak\u017ce warto\u015bciowa publikacja dla tych, kt\u00f3rzy chc\u0105 g\u0142\u0119biej rozumie\u0107 siebie, pracowa\u0107 nad odpowiedzialno\u015bci\u0105 za w\u0142asne wybory i budowa\u0107 bardziej \u015bwiadome \u017cycie.<\/p>\n<p><strong>Co znajdziesz w \u015brodku?<\/strong><\/p>\n<p><strong>\u201eDziennik Pok\u0142adowy\u201d<\/strong> zosta\u0142 zaprojektowany jak mapa rejsu. Nie po to, by narzuca\u0107 gotowe odpowiedzi, ale po to, by pom\u00f3c Ci je odnale\u017a\u0107.<\/p>\n<p>W publikacji znajdziesz mi\u0119dzy innymi:<br \/>\ndiagnoz\u0119 problemu i wywiad wst\u0119pny,<br \/>\ndziennik uczu\u0107 i prac\u0119 z emocjami,<br \/>\nopis faz rozwoju e-uzale\u017cnienia,<br \/>\ncele terapeutyczne i Kompas \u017bycia,<br \/>\nkontrakt indywidualny,<br \/>\nnarz\u0119dzia ACT,<br \/>\nprac\u0119 z l\u0119kiem, nawrotami i wpadkami,<br \/>\nsystem wzmacniania zdrowych zachowa\u0144,<br \/>\nlist\u0119 wdzi\u0119czno\u015bci, dobre praktyki dnia codziennego,<br \/>\npodsumowania tygodniowe i miesi\u0119czne,<br \/>\nplan dalszej drogi po zako\u0144czeniu procesu terapeutycznego.<\/p>\n<p>To nie jest zeszyt \u0107wicze\u0144 do jednorazowego przejrzenia.<br \/>\nTo osobisty zapis przemiany.<\/p>\n<p><strong>Co wyr\u00f3\u017cnia ten produkt?<\/strong><\/p>\n<p>Na rynku nie brakuje publikacji, kt\u00f3re m\u00f3wi\u0105 o zmianie.<br \/>\nZnacznie mniej jest takich, kt\u00f3re pomagaj\u0105 j\u0105 naprawd\u0119 prze\u017cy\u0107.<\/p>\n<p>\u201eDziennik Pok\u0142adowy\u201d wyr\u00f3\u017cnia si\u0119 tym, \u017ce:<br \/>\nprowadzi krok po kroku przez proces wewn\u0119trznej pracy,<br \/>\n\u0142\u0105czy psychoedukacj\u0119 z praktyk\u0105,<br \/>\ndaje konkretne miejsce na zapis w\u0142asnych obserwacji, decyzji i wniosk\u00f3w,<br \/>\npomaga zauwa\u017cy\u0107 zale\u017cno\u015b\u0107 mi\u0119dzy emocjami, napi\u0119ciem i zachowaniem,<br \/>\nwspiera budowanie nowej codzienno\u015bci, a nie tylko chwilowego zrywu.<\/p>\n<p>To narz\u0119dzie dla tych, kt\u00f3rzy nie szukaj\u0105 kolejnej motywacyjnej tre\u015bci, tylko realnego towarzysza zmiany.<\/p>\n<p><strong>Dlaczego warto mie\u0107 go przy sobie?<\/strong><\/p>\n<p>Bo moment, w kt\u00f3rym co\u015b zaczyna si\u0119 naprawd\u0119 zmienia\u0107, rzadko wygl\u0105da spektakularnie.<br \/>\nCz\u0119\u015bciej wygl\u0105da tak, \u017ce kto\u015b siada w ciszy i po raz pierwszy uczciwie zapisuje to, co naprawd\u0119 czuje.<br \/>\nPo raz pierwszy widzi sw\u00f3j wzorzec.<br \/>\nPo raz pierwszy nie ucieka.<\/p>\n<p>W\u0142a\u015bnie do takich moment\u00f3w zosta\u0142 stworzony ten workbook.<\/p>\n","protected":false},"excerpt":{"rendered":"<p><strong>Ksi\u0105\u017cka + E-Book<\/strong><\/p>\n<p><strong>Nie ka\u017cdy rejs zaczyna si\u0119 od pewno\u015bci.<\/strong><br \/>\n<strong>Czasem zaczyna si\u0119 od zatrzymania.<\/strong><br \/>\n<strong>Od spojrzenia w g\u0142\u0105b.<\/strong><br \/>\n<strong>Od decyzji, \u017ce dalej nie chcesz ju\u017c p\u0142yn\u0105\u0107 bez steru.<\/strong><\/p>\n<p><strong>\u201eDziennik Pok\u0142adowy\u201d WorkBook ESC<\/strong> to autorskie narz\u0119dzie rozwojowo-terapeutyczne stworzone dla os\u00f3b, kt\u00f3re chc\u0105 odzyska\u0107 wp\u0142yw na swoje \u017cycie, wyj\u015b\u0107 z destrukcyjnych schemat\u00f3w i zacz\u0105\u0107 budowa\u0107 nowy kierunek z wi\u0119ksz\u0105 \u015bwiadomo\u015bci\u0105, spokojem i wewn\u0119trzn\u0105 si\u0142\u0105.<\/p>\n<p>To publikacja, kt\u00f3ra \u0142\u0105czy refleksj\u0119 z dzia\u0142aniem.<br \/>\nNie daje pustych obietnic.<br \/>\nDaje przestrze\u0144, struktur\u0119 i konkret.<\/p>\n<p>To w\u0142a\u015bnie tutaj zaczyna si\u0119 proces prawdziwej zmiany.<\/p>\n","protected":false},"featured_media":24400,"template":"","meta":[],"product_brand":[],"product_cat":[74,73],"product_tag":[],"class_list":{"0":"post-24396","1":"product","2":"type-product","3":"status-publish","4":"has-post-thumbnail","6":"product_cat-e-book","7":"product_cat-ksiazki","9":"first","10":"instock","11":"downloadable","12":"taxable","13":"shipping-taxable","14":"purchasable","15":"product-type-simple"},"yoast_head":"<!-- This site is optimized with the Yoast SEO plugin v27.1.1 - https:\/\/yoast.com\/product\/yoast-seo-wordpress\/ -->\n<title>WorkBook ESC \u201eDziennik Pok\u0142adowy\u201d - pakiet promocyjny - ESC123.net - Sklep<\/title>\n<meta name=\"robots\" content=\"noindex, follow\" \/>\n<meta property=\"og:locale\" content=\"pl_PL\" \/>\n<meta property=\"og:type\" content=\"article\" \/>\n<meta property=\"og:title\" content=\"WorkBook ESC \u201eDziennik Pok\u0142adowy\u201d - pakiet promocyjny - ESC123.net - Sklep\" \/>\n<meta property=\"og:description\" content=\"Ksi\u0105\u017cka + E-Book  Nie ka\u017cdy rejs zaczyna si\u0119 od pewno\u015bci. Czasem zaczyna si\u0119 od zatrzymania. Od spojrzenia w g\u0142\u0105b. Od decyzji, \u017ce dalej nie chcesz ju\u017c p\u0142yn\u0105\u0107 bez steru.  \u201eDziennik Pok\u0142adowy\u201d WorkBook ESC to autorskie narz\u0119dzie rozwojowo-terapeutyczne stworzone dla os\u00f3b, kt\u00f3re chc\u0105 odzyska\u0107 wp\u0142yw na swoje \u017cycie, wyj\u015b\u0107 z destrukcyjnych schemat\u00f3w i zacz\u0105\u0107 budowa\u0107 nowy kierunek z wi\u0119ksz\u0105 \u015bwiadomo\u015bci\u0105, spokojem i wewn\u0119trzn\u0105 si\u0142\u0105.  To publikacja, kt\u00f3ra \u0142\u0105czy refleksj\u0119 z dzia\u0142aniem. Nie daje pustych obietnic. Daje przestrze\u0144, struktur\u0119 i konkret.  To w\u0142a\u015bnie tutaj zaczyna si\u0119 proces prawdziwej zmiany.\" \/>\n<meta property=\"og:url\" content=\"https:\/\/esc123.net\/sklep\/produkt\/workbook-esc-dziennik-pokladowy-pakiet-promocyjny\/\" \/>\n<meta property=\"og:site_name\" content=\"ESC123.net - Sklep\" \/>\n<meta property=\"article:modified_time\" content=\"2026-03-29T20:25:56+00:00\" \/>\n<meta property=\"og:image\" content=\"https:\/\/esc123.net\/sklep\/wp-content\/uploads\/2026\/03\/dziennik-pokladowy-WorkBookESC-01.png\" \/>\n\t<meta property=\"og:image:width\" content=\"1182\" \/>\n\t<meta property=\"og:image:height\" content=\"1672\" \/>\n\t<meta property=\"og:image:type\" content=\"image\/png\" \/>\n<meta name=\"twitter:card\" content=\"summary_large_image\" \/>\n<meta name=\"twitter:label1\" content=\"Szacowany czas czytania\" \/>\n\t<meta name=\"twitter:data1\" content=\"4 minuty\" \/>\n<script type=\"application\/ld+json\" class=\"yoast-schema-graph\">{\"@context\":\"https:\/\/schema.org\",\"@graph\":[{\"@type\":\"WebPage\",\"@id\":\"https:\/\/esc123.net\/sklep\/produkt\/workbook-esc-dziennik-pokladowy-pakiet-promocyjny\/\",\"url\":\"https:\/\/esc123.net\/sklep\/produkt\/workbook-esc-dziennik-pokladowy-pakiet-promocyjny\/\",\"name\":\"WorkBook ESC \u201eDziennik Pok\u0142adowy\u201d - pakiet promocyjny - ESC123.net - Sklep\",\"isPartOf\":{\"@id\":\"https:\/\/esc123.net\/sklep\/#website\"},\"primaryImageOfPage\":{\"@id\":\"https:\/\/esc123.net\/sklep\/produkt\/workbook-esc-dziennik-pokladowy-pakiet-promocyjny\/#primaryimage\"},\"image\":{\"@id\":\"https:\/\/esc123.net\/sklep\/produkt\/workbook-esc-dziennik-pokladowy-pakiet-promocyjny\/#primaryimage\"},\"thumbnailUrl\":\"https:\/\/esc123.net\/sklep\/wp-content\/uploads\/2026\/03\/dziennik-pokladowy-WorkBookESC-01.png\",\"datePublished\":\"2026-02-09T16:10:05+00:00\",\"dateModified\":\"2026-03-29T20:25:56+00:00\",\"breadcrumb\":{\"@id\":\"https:\/\/esc123.net\/sklep\/produkt\/workbook-esc-dziennik-pokladowy-pakiet-promocyjny\/#breadcrumb\"},\"inLanguage\":\"pl-PL\",\"potentialAction\":[{\"@type\":\"ReadAction\",\"target\":[\"https:\/\/esc123.net\/sklep\/produkt\/workbook-esc-dziennik-pokladowy-pakiet-promocyjny\/\"]}]},{\"@type\":\"ImageObject\",\"inLanguage\":\"pl-PL\",\"@id\":\"https:\/\/esc123.net\/sklep\/produkt\/workbook-esc-dziennik-pokladowy-pakiet-promocyjny\/#primaryimage\",\"url\":\"https:\/\/esc123.net\/sklep\/wp-content\/uploads\/2026\/03\/dziennik-pokladowy-WorkBookESC-01.png\",\"contentUrl\":\"https:\/\/esc123.net\/sklep\/wp-content\/uploads\/2026\/03\/dziennik-pokladowy-WorkBookESC-01.png\",\"width\":1182,\"height\":1672},{\"@type\":\"BreadcrumbList\",\"@id\":\"https:\/\/esc123.net\/sklep\/produkt\/workbook-esc-dziennik-pokladowy-pakiet-promocyjny\/#breadcrumb\",\"itemListElement\":[{\"@type\":\"ListItem\",\"position\":1,\"name\":\"Strona g\u0142\u00f3wna\",\"item\":\"https:\/\/esc123.net\/sklep\/\"},{\"@type\":\"ListItem\",\"position\":2,\"name\":\"Wszystkie produkty\",\"item\":\"https:\/\/esc123.net\/sklep\/wszystkie-produkty\/\"},{\"@type\":\"ListItem\",\"position\":3,\"name\":\"WorkBook ESC \u201eDziennik Pok\u0142adowy\u201d &#8211; pakiet promocyjny\"}]},{\"@type\":\"WebSite\",\"@id\":\"https:\/\/esc123.net\/sklep\/#website\",\"url\":\"https:\/\/esc123.net\/sklep\/\",\"name\":\"ESC123.net - Sklep\",\"description\":\"\",\"publisher\":{\"@id\":\"https:\/\/esc123.net\/sklep\/#organization\"},\"potentialAction\":[{\"@type\":\"SearchAction\",\"target\":{\"@type\":\"EntryPoint\",\"urlTemplate\":\"https:\/\/esc123.net\/sklep\/?s={search_term_string}\"},\"query-input\":{\"@type\":\"PropertyValueSpecification\",\"valueRequired\":true,\"valueName\":\"search_term_string\"}}],\"inLanguage\":\"pl-PL\"},{\"@type\":\"Organization\",\"@id\":\"https:\/\/esc123.net\/sklep\/#organization\",\"name\":\"ESC123.net - Sklep\",\"url\":\"https:\/\/esc123.net\/sklep\/\",\"logo\":{\"@type\":\"ImageObject\",\"inLanguage\":\"pl-PL\",\"@id\":\"https:\/\/esc123.net\/sklep\/#\/schema\/logo\/image\/\",\"url\":\"https:\/\/esc123.net\/sklep\/wp-content\/uploads\/2026\/02\/ESC-logo.svg\",\"contentUrl\":\"https:\/\/esc123.net\/sklep\/wp-content\/uploads\/2026\/02\/ESC-logo.svg\",\"width\":850,\"height\":850,\"caption\":\"ESC123.net - Sklep\"},\"image\":{\"@id\":\"https:\/\/esc123.net\/sklep\/#\/schema\/logo\/image\/\"}}]}<\/script>\n<!-- \/ Yoast SEO plugin. -->","yoast_head_json":{"title":"WorkBook ESC \u201eDziennik Pok\u0142adowy\u201d - pakiet promocyjny - ESC123.net - Sklep","robots":{"index":"noindex","follow":"follow"},"og_locale":"pl_PL","og_type":"article","og_title":"WorkBook ESC \u201eDziennik Pok\u0142adowy\u201d - pakiet promocyjny - ESC123.net - Sklep","og_description":"Ksi\u0105\u017cka + E-Book  Nie ka\u017cdy rejs zaczyna si\u0119 od pewno\u015bci. Czasem zaczyna si\u0119 od zatrzymania. Od spojrzenia w g\u0142\u0105b. Od decyzji, \u017ce dalej nie chcesz ju\u017c p\u0142yn\u0105\u0107 bez steru.  \u201eDziennik Pok\u0142adowy\u201d WorkBook ESC to autorskie narz\u0119dzie rozwojowo-terapeutyczne stworzone dla os\u00f3b, kt\u00f3re chc\u0105 odzyska\u0107 wp\u0142yw na swoje \u017cycie, wyj\u015b\u0107 z destrukcyjnych schemat\u00f3w i zacz\u0105\u0107 budowa\u0107 nowy kierunek z wi\u0119ksz\u0105 \u015bwiadomo\u015bci\u0105, spokojem i wewn\u0119trzn\u0105 si\u0142\u0105.  To publikacja, kt\u00f3ra \u0142\u0105czy refleksj\u0119 z dzia\u0142aniem. Nie daje pustych obietnic. Daje przestrze\u0144, struktur\u0119 i konkret.  To w\u0142a\u015bnie tutaj zaczyna si\u0119 proces prawdziwej zmiany.","og_url":"https:\/\/esc123.net\/sklep\/produkt\/workbook-esc-dziennik-pokladowy-pakiet-promocyjny\/","og_site_name":"ESC123.net - Sklep","article_modified_time":"2026-03-29T20:25:56+00:00","og_image":[{"width":1182,"height":1672,"url":"https:\/\/esc123.net\/sklep\/wp-content\/uploads\/2026\/03\/dziennik-pokladowy-WorkBookESC-01.png","type":"image\/png"}],"twitter_card":"summary_large_image","twitter_misc":{"Szacowany czas czytania":"4 minuty"},"schema":{"@context":"https:\/\/schema.org","@graph":[{"@type":"WebPage","@id":"https:\/\/esc123.net\/sklep\/produkt\/workbook-esc-dziennik-pokladowy-pakiet-promocyjny\/","url":"https:\/\/esc123.net\/sklep\/produkt\/workbook-esc-dziennik-pokladowy-pakiet-promocyjny\/","name":"WorkBook ESC \u201eDziennik Pok\u0142adowy\u201d - pakiet promocyjny - ESC123.net - Sklep","isPartOf":{"@id":"https:\/\/esc123.net\/sklep\/#website"},"primaryImageOfPage":{"@id":"https:\/\/esc123.net\/sklep\/produkt\/workbook-esc-dziennik-pokladowy-pakiet-promocyjny\/#primaryimage"},"image":{"@id":"https:\/\/esc123.net\/sklep\/produkt\/workbook-esc-dziennik-pokladowy-pakiet-promocyjny\/#primaryimage"},"thumbnailUrl":"https:\/\/esc123.net\/sklep\/wp-content\/uploads\/2026\/03\/dziennik-pokladowy-WorkBookESC-01.png","datePublished":"2026-02-09T16:10:05+00:00","dateModified":"2026-03-29T20:25:56+00:00","breadcrumb":{"@id":"https:\/\/esc123.net\/sklep\/produkt\/workbook-esc-dziennik-pokladowy-pakiet-promocyjny\/#breadcrumb"},"inLanguage":"pl-PL","potentialAction":[{"@type":"ReadAction","target":["https:\/\/esc123.net\/sklep\/produkt\/workbook-esc-dziennik-pokladowy-pakiet-promocyjny\/"]}]},{"@type":"ImageObject","inLanguage":"pl-PL","@id":"https:\/\/esc123.net\/sklep\/produkt\/workbook-esc-dziennik-pokladowy-pakiet-promocyjny\/#primaryimage","url":"https:\/\/esc123.net\/sklep\/wp-content\/uploads\/2026\/03\/dziennik-pokladowy-WorkBookESC-01.png","contentUrl":"https:\/\/esc123.net\/sklep\/wp-content\/uploads\/2026\/03\/dziennik-pokladowy-WorkBookESC-01.png","width":1182,"height":1672},{"@type":"BreadcrumbList","@id":"https:\/\/esc123.net\/sklep\/produkt\/workbook-esc-dziennik-pokladowy-pakiet-promocyjny\/#breadcrumb","itemListElement":[{"@type":"ListItem","position":1,"name":"Strona g\u0142\u00f3wna","item":"https:\/\/esc123.net\/sklep\/"},{"@type":"ListItem","position":2,"name":"Wszystkie produkty","item":"https:\/\/esc123.net\/sklep\/wszystkie-produkty\/"},{"@type":"ListItem","position":3,"name":"WorkBook ESC \u201eDziennik Pok\u0142adowy\u201d &#8211; pakiet promocyjny"}]},{"@type":"WebSite","@id":"https:\/\/esc123.net\/sklep\/#website","url":"https:\/\/esc123.net\/sklep\/","name":"ESC123.net - Sklep","description":"","publisher":{"@id":"https:\/\/esc123.net\/sklep\/#organization"},"potentialAction":[{"@type":"SearchAction","target":{"@type":"EntryPoint","urlTemplate":"https:\/\/esc123.net\/sklep\/?s={search_term_string}"},"query-input":{"@type":"PropertyValueSpecification","valueRequired":true,"valueName":"search_term_string"}}],"inLanguage":"pl-PL"},{"@type":"Organization","@id":"https:\/\/esc123.net\/sklep\/#organization","name":"ESC123.net - Sklep","url":"https:\/\/esc123.net\/sklep\/","logo":{"@type":"ImageObject","inLanguage":"pl-PL","@id":"https:\/\/esc123.net\/sklep\/#\/schema\/logo\/image\/","url":"https:\/\/esc123.net\/sklep\/wp-content\/uploads\/2026\/02\/ESC-logo.svg","contentUrl":"https:\/\/esc123.net\/sklep\/wp-content\/uploads\/2026\/02\/ESC-logo.svg","width":850,"height":850,"caption":"ESC123.net - Sklep"},"image":{"@id":"https:\/\/esc123.net\/sklep\/#\/schema\/logo\/image\/"}}]}},"_links":{"self":[{"href":"https:\/\/esc123.net\/sklep\/wp-json\/wp\/v2\/product\/24396","targetHints":{"allow":["GET"]}}],"collection":[{"href":"https:\/\/esc123.net\/sklep\/wp-json\/wp\/v2\/product"}],"about":[{"href":"https:\/\/esc123.net\/sklep\/wp-json\/wp\/v2\/types\/product"}],"version-history":[{"count":6,"href":"https:\/\/esc123.net\/sklep\/wp-json\/wp\/v2\/product\/24396\/revisions"}],"predecessor-version":[{"id":24426,"href":"https:\/\/esc123.net\/sklep\/wp-json\/wp\/v2\/product\/24396\/revisions\/24426"}],"wp:featuredmedia":[{"embeddable":true,"href":"https:\/\/esc123.net\/sklep\/wp-json\/wp\/v2\/media\/24400"}],"wp:attachment":[{"href":"https:\/\/esc123.net\/sklep\/wp-json\/wp\/v2\/media?parent=24396"}],"wp:term":[{"taxonomy":"product_brand","embeddable":true,"href":"https:\/\/esc123.net\/sklep\/wp-json\/wp\/v2\/product_brand?post=24396"},{"taxonomy":"product_cat","embeddable":true,"href":"https:\/\/esc123.net\/sklep\/wp-json\/wp\/v2\/product_cat?post=24396"},{"taxonomy":"product_tag","embeddable":true,"href":"https:\/\/esc123.net\/sklep\/wp-json\/wp\/v2\/product_tag?post=24396"}],"curies":[{"name":"wp","href":"https:\/\/api.w.org\/{rel}","templated":true}]}}